{"id":8,"date":"2025-09-07T19:29:49","date_gmt":"2025-09-07T19:29:49","guid":{"rendered":"https:\/\/open-ao.com\/?page_id=8"},"modified":"2025-09-08T07:04:26","modified_gmt":"2025-09-08T07:04:26","slug":"open","status":"publish","type":"page","link":"https:\/\/open-ao.com\/","title":{"rendered":"In\u00edcio"},"content":{"rendered":"\n<figure class=\"wp-block-image size-full\"><img loading=\"lazy\" decoding=\"async\" width=\"740\" height=\"493\" src=\"https:\/\/open-ao.com\/wp-content\/uploads\/2025\/09\/1.avif\" alt=\"\" class=\"wp-image-25\" srcset=\"https:\/\/open-ao.com\/wp-content\/uploads\/2025\/09\/1.avif 740w, https:\/\/open-ao.com\/wp-content\/uploads\/2025\/09\/1-300x200.avif 300w\" sizes=\"auto, (max-width: 740px) 100vw, 740px\" \/><\/figure>\n\n\n\n<p><strong><em>Melhor aplicativo de servi\u00e7os em Angola<\/em><\/strong><em> <\/em><em>Facilitamos sua vida e os neg\u00f3cios com servi\u00e7os pr\u00e1ticos e r\u00e1pidos na palma da sua m\u00e3o.<\/em><\/p>\n\n\n\n<p>A <strong>Open<\/strong> \u00e9 uma plataforma digital que surge era em que a internet a internet est\u00e1 revolucionando o medo dos neg\u00f3cios.<\/p>\n\n\n\n<figure class=\"wp-block-image size-full\"><img loading=\"lazy\" decoding=\"async\" width=\"626\" height=\"417\" src=\"https:\/\/open-ao.com\/wp-content\/uploads\/2025\/09\/pagamento-on-line-jovem-homem-segurando-cartao-de-credito-e-computador-portatil-para-compras-on-line-black-friday-ou-cyber-monday-conceito-homem-pagando-com-cartao-de-credito-no-laptop-no-escritor.avif\" alt=\"\" class=\"wp-image-69\" srcset=\"https:\/\/open-ao.com\/wp-content\/uploads\/2025\/09\/pagamento-on-line-jovem-homem-segurando-cartao-de-credito-e-computador-portatil-para-compras-on-line-black-friday-ou-cyber-monday-conceito-homem-pagando-com-cartao-de-credito-no-laptop-no-escritor.avif 626w, https:\/\/open-ao.com\/wp-content\/uploads\/2025\/09\/pagamento-on-line-jovem-homem-segurando-cartao-de-credito-e-computador-portatil-para-compras-on-line-black-friday-ou-cyber-monday-conceito-homem-pagando-com-cartao-de-credito-no-laptop-no-escritor-300x200.avif 300w\" sizes=\"auto, (max-width: 626px) 100vw, 626px\" \/><\/figure>\n\n\n\n<p>Ter o seu neg\u00f3cio na Open \u00e9 garantir o sucesso nas suas vendas.<\/p>\n","protected":false},"excerpt":{"rendered":"<p>Melhor aplicativo de servi\u00e7os em Angola Facilitamos sua vida e os neg\u00f3cios com servi\u00e7os pr\u00e1ticos e r\u00e1pidos na palma da sua m\u00e3o. A Open \u00e9&hellip;<\/p>\n","protected":false},"author":1,"featured_media":0,"parent":0,"menu_order":0,"comment_status":"closed","ping_status":"closed","template":"","meta":{"footnotes":""},"class_list":["post-8","page","type-page","status-publish","hentry"],"_links":{"self":[{"href":"https:\/\/open-ao.com\/index.php\/wp-json\/wp\/v2\/pages\/8","targetHints":{"allow":["GET"]}}],"collection":[{"href":"https:\/\/open-ao.com\/index.php\/wp-json\/wp\/v2\/pages"}],"about":[{"href":"https:\/\/open-ao.com\/index.php\/wp-json\/wp\/v2\/types\/page"}],"author":[{"embeddable":true,"href":"https:\/\/open-ao.com\/index.php\/wp-json\/wp\/v2\/users\/1"}],"replies":[{"embeddable":true,"href":"https:\/\/open-ao.com\/index.php\/wp-json\/wp\/v2\/comments?post=8"}],"version-history":[{"count":10,"href":"https:\/\/open-ao.com\/index.php\/wp-json\/wp\/v2\/pages\/8\/revisions"}],"predecessor-version":[{"id":115,"href":"https:\/\/open-ao.com\/index.php\/wp-json\/wp\/v2\/pages\/8\/revisions\/115"}],"wp:attachment":[{"href":"https:\/\/open-ao.com\/index.php\/wp-json\/wp\/v2\/media?parent=8"}],"curies":[{"name":"wp","href":"https:\/\/api.w.org\/{rel}","templated":true}]}}