{"id":13,"date":"2025-09-07T21:10:06","date_gmt":"2025-09-07T21:10:06","guid":{"rendered":"https:\/\/open-ao.com\/?page_id=13"},"modified":"2025-09-08T05:20:17","modified_gmt":"2025-09-08T05:20:17","slug":"sobre-nos","status":"publish","type":"page","link":"https:\/\/open-ao.com\/index.php\/sobre-nos\/","title":{"rendered":"Sobre N\u00f3s"},"content":{"rendered":"\n<p>Nossa Hist\u00f3ria<\/p>\n\n\n\n<figure class=\"wp-block-image size-full is-resized\"><img loading=\"lazy\" decoding=\"async\" width=\"612\" height=\"408\" src=\"https:\/\/open-ao.com\/wp-content\/uploads\/2025\/09\/istockphoto-1401035860-612x612-1.jpg\" alt=\"\" class=\"wp-image-44\" style=\"width:840px;height:auto\" srcset=\"https:\/\/open-ao.com\/wp-content\/uploads\/2025\/09\/istockphoto-1401035860-612x612-1.jpg 612w, https:\/\/open-ao.com\/wp-content\/uploads\/2025\/09\/istockphoto-1401035860-612x612-1-300x200.jpg 300w\" sizes=\"auto, (max-width: 612px) 100vw, 612px\" \/><figcaption class=\"wp-element-caption\">Black woman shopping online at home<\/figcaption><\/figure>\n\n\n\n<p><strong>Descubra o que faz da Open a melhor op\u00e7\u00e3o em Angola<\/strong><\/p>\n\n\n\n<p><strong>A Open: Facilitando a sua vida e neg\u00f3cios em Angola<\/strong><\/p>\n\n\n\n<p>Desde o seu lan\u00e7amento, a Open tem proporcionado solu\u00e7\u00f5es inovadoras que simplificam a aquisi\u00e7\u00e3o de produtos e servi\u00e7os, resultando em maior facilidade e efici\u00eancia para nossos clientes e parceiros.<\/p>\n\n\n\n<figure class=\"wp-block-image size-large\"><img loading=\"lazy\" decoding=\"async\" width=\"1024\" height=\"512\" src=\"https:\/\/open-ao.com\/wp-content\/uploads\/2025\/09\/foto-do-site-vestilonegro-1024x512.jpg\" alt=\"\" class=\"wp-image-47\" srcset=\"https:\/\/open-ao.com\/wp-content\/uploads\/2025\/09\/foto-do-site-vestilonegro-1024x512.jpg 1024w, https:\/\/open-ao.com\/wp-content\/uploads\/2025\/09\/foto-do-site-vestilonegro-300x150.jpg 300w, https:\/\/open-ao.com\/wp-content\/uploads\/2025\/09\/foto-do-site-vestilonegro-768x384.jpg 768w, https:\/\/open-ao.com\/wp-content\/uploads\/2025\/09\/foto-do-site-vestilonegro-1536x768.jpg 1536w, https:\/\/open-ao.com\/wp-content\/uploads\/2025\/09\/foto-do-site-vestilonegro.jpg 2000w\" sizes=\"auto, (max-width: 1024px) 100vw, 1024px\" \/><\/figure>\n\n\n\n<p>Com um foco constante na inova\u00e7\u00e3o, a Open j\u00e1 ajudou milhares de clientes a otimizar seus processos de compra e venda. Com tecnologia f\u00e1cil de usar e uma ampla gama de servi\u00e7os, estamos sempre prontos para melhorar a experi\u00eancia do utilizador e fomentar o crescimento dos neg\u00f3cios dos nossos parceiros.<\/p>\n\n\n\n<p><strong>Hist\u00f3ria e Evolu\u00e7\u00e3o da Open<\/strong><\/p>\n\n\n\n<figure class=\"wp-block-image size-large\"><img loading=\"lazy\" decoding=\"async\" width=\"1024\" height=\"668\" src=\"https:\/\/open-ao.com\/wp-content\/uploads\/2025\/09\/pexels-picha-stock-3894378-1-scaled-1-1024x668.jpg\" alt=\"\" class=\"wp-image-80\" srcset=\"https:\/\/open-ao.com\/wp-content\/uploads\/2025\/09\/pexels-picha-stock-3894378-1-scaled-1-1024x668.jpg 1024w, https:\/\/open-ao.com\/wp-content\/uploads\/2025\/09\/pexels-picha-stock-3894378-1-scaled-1-300x196.jpg 300w, https:\/\/open-ao.com\/wp-content\/uploads\/2025\/09\/pexels-picha-stock-3894378-1-scaled-1-768x501.jpg 768w, https:\/\/open-ao.com\/wp-content\/uploads\/2025\/09\/pexels-picha-stock-3894378-1-scaled-1-1536x1001.jpg 1536w, https:\/\/open-ao.com\/wp-content\/uploads\/2025\/09\/pexels-picha-stock-3894378-1-scaled-1-2048x1335.jpg 2048w\" sizes=\"auto, (max-width: 1024px) 100vw, 1024px\" \/><\/figure>\n\n\n\n<p>Fundada com o objetivo de revolucionar a forma como os angolanos adquirem produtos e servi\u00e7os, a Open tem evolu\u00eddo desde o seu in\u00edcio, lan\u00e7ando um aplicativo f\u00e1cil de usar que conecta clientes e fornecedores. Ao longo dos anos, a nossa vis\u00e3o de facilitar o com\u00e9rcio tem sido ampliada atrav\u00e9s de cont\u00ednua inova\u00e7\u00e3o e parcerias estrat\u00e9gicas.<\/p>\n","protected":false},"excerpt":{"rendered":"<p>Nossa Hist\u00f3ria Descubra o que faz da Open a melhor op\u00e7\u00e3o em Angola A Open: Facilitando a sua vida e neg\u00f3cios em Angola Desde o&hellip;<\/p>\n","protected":false},"author":1,"featured_media":0,"parent":0,"menu_order":0,"comment_status":"closed","ping_status":"closed","template":"","meta":{"footnotes":""},"class_list":["post-13","page","type-page","status-publish","hentry"],"_links":{"self":[{"href":"https:\/\/open-ao.com\/index.php\/wp-json\/wp\/v2\/pages\/13","targetHints":{"allow":["GET"]}}],"collection":[{"href":"https:\/\/open-ao.com\/index.php\/wp-json\/wp\/v2\/pages"}],"about":[{"href":"https:\/\/open-ao.com\/index.php\/wp-json\/wp\/v2\/types\/page"}],"author":[{"embeddable":true,"href":"https:\/\/open-ao.com\/index.php\/wp-json\/wp\/v2\/users\/1"}],"replies":[{"embeddable":true,"href":"https:\/\/open-ao.com\/index.php\/wp-json\/wp\/v2\/comments?post=13"}],"version-history":[{"count":5,"href":"https:\/\/open-ao.com\/index.php\/wp-json\/wp\/v2\/pages\/13\/revisions"}],"predecessor-version":[{"id":84,"href":"https:\/\/open-ao.com\/index.php\/wp-json\/wp\/v2\/pages\/13\/revisions\/84"}],"wp:attachment":[{"href":"https:\/\/open-ao.com\/index.php\/wp-json\/wp\/v2\/media?parent=13"}],"curies":[{"name":"wp","href":"https:\/\/api.w.org\/{rel}","templated":true}]}}